{"id":8896,"date":"2026-05-02T16:43:45","date_gmt":"2026-05-02T16:43:45","guid":{"rendered":"https:\/\/ecocorner.eu\/?post_type=product&#038;p=8896"},"modified":"2026-05-02T16:43:45","modified_gmt":"2026-05-02T16:43:45","slug":"beyond-functional-food-naturalny-dezodorant-w-pascie-chlodzacy-cytrus-60-ml","status":"publish","type":"product","link":"https:\/\/ecocorner.eu\/en\/product\/beyond-functional-food-naturalny-dezodorant-w-pascie-chlodzacy-cytrus-60-ml\/","title":{"rendered":"Beyond Functional Food  Naturalny dezodorant w pa\u015bcie Ch\u0142odz\u0105cy Cytrus   60 ml"},"content":{"rendered":"<p>W serii <em><strong>DARE to SWEAT<\/strong><\/em> (z ang. <em><strong>odwa\u017c si\u0119 spoci\u0107<\/strong><\/em>) podkre\u015blamy, \u017ce pocenie si\u0119 to naturalny i wa\u017cny proces fizjologiczny. Dezodorant w pa\u015bcie ch\u0142odz\u0105cy cytrus <strong>nie blokuje potu, pozwala sk\u00f3rze oddycha\u0107<\/strong> jednocze\u015bnie zapewniaj\u0105c zdecydowane doznania na sk\u00f3rze. Oferuje bezkompromisow\u0105 ochron\u0119 przed nieprzyjemnym zapachem, pozostaj\u0105c w zgodzie z tym, co naturalne.<\/p>\n<p><strong>Naturalne sk\u0142adniki mineralne<\/strong>: wodorotlenek magnezu, kt\u00f3ry <strong>neutralizuje pH sk\u00f3ry <\/strong>i <strong>ogranicza<\/strong> rozw\u00f3j bakterii odpowiedzialnych za <strong>nieprzyjemny zapach<\/strong>, nie zak\u0142\u00f3caj\u0105c przy tym naturalnego procesu pocenia, oraz ziemia okrzemkowa wolna od metali ci\u0119\u017ckich. Jej porowata struktura <strong>wspomaga detoksykacj\u0119 i skutecznie poch\u0142ania nadmiar wilgoci<\/strong>.<\/p>\n<p>W formule zastosowali\u015bmy r\u00f3wnie\u017c <strong>sk\u0142adniki ro\u015blinne<\/strong>. Skrobia ry\u017cowa, oczyszczana naturalnie i bez u\u017cycia promieniowania jonizuj\u0105cego, zachowuje swoj\u0105 pierwotn\u0105, nienaruszon\u0105 struktur\u0119. Dzi\u0119ki temu skutecznie <strong>absorbuje wilgo\u0107, koi i \u0142agodzi sk\u00f3r\u0119, nie powoduj\u0105c podra\u017cnie\u0144<\/strong> ani nie zatykaj\u0105c por\u00f3w. Rycynooleinian cynku, b\u0119d\u0105cy sol\u0105 pochodn\u0105 kwas\u00f3w t\u0142uszczowych oleju rycynowego, <strong>neutralizuje cz\u0105steczki zapachowe i zapewnia d\u0142ugotrwa\u0142e uczucie \u015bwie\u017co\u015bci<\/strong>.<\/p>\n<p>Ca\u0142o\u015b\u0107 dope\u0142nia <strong>\u0142\u00f3j wo\u0142owy<\/strong> od szcz\u0119\u015bliwych kr\u00f3w karmionych wy\u0142\u0105cznie traw\u0105, <strong>intensywnie od\u017cywiaj\u0105cy i regeneruj\u0105cy sk\u00f3r\u0119.<\/strong> Autorska <strong>mieszanka naturalnych olejk\u00f3w eterycznych<\/strong> \u2013 yuzu, petitgrain, bergamoty, mi\u0119ty zielonej oraz mi\u0119ty \u2013 zapewnia od\u015bwie\u017caj\u0105ce doznania i naturalne dzia\u0142anie antybakteryjne.<\/p>\n<p>W produkcie zastosowali\u015bmy tak\u017ce substancj\u0119 powsta\u0142\u0105 z po\u0142\u0105czenia mentolu i kwasu mlekowego, kt\u00f3ra ze wzgl\u0119du na proces chemicznej syntezy, nie mo\u017ce by\u0107 zakwalifikowana jako sk\u0142adnik naturalny, <strong>jest sk\u0142adnikiem pochodzenia naturalnego<\/strong>. Dotychczas nasze produkty tworzyli\u015bmy wy\u0142\u0105cznie ze sk\u0142adnik\u00f3w w pe\u0142ni naturalnych (w rozumieniu normy ISO 16128), w tym przypadku by\u0142o to jednak \u015bwiadome ust\u0119pstwo. <strong>Mleczan mentylu<\/strong>\u00a0<strong>zapewnia \u0142agodny, d\u0142ugotrwa\u0142y <\/strong>i charakterystyczny dla produktu<strong> efekt ch\u0142odzenia na sk\u00f3rze<\/strong>, jest delikatniejszy ni\u017c mentol i nie powoduje podra\u017cnie\u0144.<\/p>\n<details open=\"\">\n<summary><span class=\"summary__title\"> <span class=\"accordion__title\"> Method of application <\/span> <\/span><\/summary>\n<div class=\"accordion__content custom__liquid-template--28269249167692__main rte\">\n<div class=\"metafield-rich_text_field\">\n<p>Niewielk\u0105 ilo\u015b\u0107 pasty wmasuj w czyst\u0105, such\u0105 sk\u00f3r\u0119 pod pachami lub w inne miejsca wymagaj\u0105ce ochrony. Stosuj codziennie lub wed\u0142ug potrzeb.<\/p>\n<\/div>\n<\/div>\n<\/details>\n<details open=\"open\">\n<summary><span class=\"summary__title\"> <span class=\"accordion__title\"> Composition <\/span> <\/span><\/summary>\n<div class=\"accordion__content custom__liquid-template--28269249167692__main rte\">\n<div class=\"metafield-rich_text_field\">\n<p>Composition: <strong>\u0142\u00f3j wo\u0142owy<\/strong> z ekologicznych hodowli byd\u0142a karmionego wy\u0142\u0105cznie traw\u0105,<strong>\u00a0 skrobia ry\u017cowa<\/strong> pozyskiwana bez zastosowania agresywnych proces\u00f3w przemys\u0142owych, mieszanina estr\u00f3w kwas\u00f3w <strong>kaprylowego i kaprynowego<\/strong> z alkoholami <strong>z oleju kokosowego<\/strong>, naturalny mineralny <strong>wodorotlenek magnezu\u00a0<\/strong>and\u00a0<strong>ziemia okrzemkowa<\/strong>, <strong>rycynooleinian cynku\u00a0<\/strong>s\u00f3l pochodna kwas\u00f3w t\u0142uszczowych oleju rycynowego, <strong>mleczan mentylu\u00a0<\/strong>pochodzenia naturalnego, olejek eteryczny ze<strong> sk\u00f3rek owoc\u00f3w yuzu<\/strong> pozyskiwany metod\u0105 t\u0142oczenia na zimno, olejek eteryczny z<strong> li\u015bci i ga\u0142\u0105zek gorzkiej pomara\u0144czy, <\/strong>organiczny\u00a0olejek eteryczny z<strong> bergamotki<\/strong> pozbawiony furanokumaryn, organiczne olejki eteryczne<strong> mi\u0119ty zielonej <\/strong>i<strong> mi\u0119ty pieprzowej<\/strong>, substancje naturalnie wyst\u0119puj\u0105ce w olejkach eterycznych: Beta-Caryophyllene, Geraniol, Geranyl Acetate, Limonene, Linalool, Linalyl Acetate, Pinene, Terpineol, Terpinolene, Menthol, Alpha-Terpinene, Carvone oraz Citral.<\/p>\n<p><em>Zaskoczy\u0142a Ci\u0119 liczba wykazanych alergen\u00f3w, naturalnych sk\u0142adnik\u00f3w olejk\u00f3w eterycznych w sk\u0142adzie? To rozporz\u0105dzenie Komisji Europejskiej (UE) 2023\/1545, kt\u00f3re znacz\u0105co rozszerza list\u0119 potencjalnych alergen\u00f3w wymagaj\u0105cych deklaracji. Cho\u0107 nowe przepisy zaczn\u0105 obowi\u0105zywa\u0107 dopiero od drugiej po\u0142owy 2026 roku, my ju\u017c teraz zdecydowali\u015bmy si\u0119 pracowa\u0107 wed\u0142ug nowego standardu, kt\u00f3ry wkr\u00f3tce stanie si\u0119 codzienno\u015bci\u0105.<\/em><\/p>\n<p><strong>Ingredients:<\/strong> <em>Adeps Bovis<\/em> (<strong>Beef<\/strong>) Tallow, <em>Oryza Sativa<\/em> (<strong>Rice<\/strong>) Starch, Coco-Caprylate\/Caprate, Magnesium Hydroxide, Diatomaceous Earth, Zinc Ricinoleate, Menthyl Lactate, <em>Citrus Junos<\/em> (<strong>Yuzu<\/strong>) Peel Oil, <em>Citrus Aurantium Amara<\/em> (<strong>Petitgrain<\/strong>) Leaf\/Twig Oil, <em>Citrus Aurantium Bergamia<\/em> (<strong>Bergamot<\/strong>) Fruit Oil, <em>Mentha Viridis<\/em> (<strong>Spearmint<\/strong>) Leaf Oil, <em>Mentha Piperita<\/em> (<strong>Peppermint<\/strong>) Oil, Beta-Caryophyllene*, Geraniol*, Geranyl Acetate*, Limonene*, Linalool*, Linalyl Acetate*, Pinene*, Terpineol*, Terpinolene*, Menthol*, Alpha-Terpinene*, Carvone*, Citral*.<br \/>\n*naturalny sk\u0142adnik olejk\u00f3w eterycznych<\/p>\n<p><span class=\"summary__title\"> <span class=\"accordion__title\"> Smell <\/span> <\/span><\/p>\n<div class=\"accordion__content custom__liquid-template--28269249167692__main rte\">\n<div class=\"metafield-rich_text_field\">\n<p>Energetyzuj\u0105cy, cytrusowy, prze\u0142amany ch\u0142odz\u0105cym akcentem mi\u0119ty. Daj\u0105cy uczucie \u015bwie\u017co\u015bci, przyjemny podczas aplikacji.<\/p>\n<\/div>\n<\/div>\n<\/div>\n<\/div>\n<\/details>","protected":false},"excerpt":{"rendered":"<p>Tallow Deodorant Cooling Citrus to <strong>dezodorant w pa\u015bcie <\/strong>zapewniaj\u0105cy<strong>\u00a0ochron\u0119 przed nieprzyjemnym zapachem<\/strong>, nie blokuj\u0105c przy tym naturalnego procesu pocenia. Oparty na naturalnych sk\u0142adnikach najwy\u017cszej jako\u015bci, <strong>z orze\u017awiaj\u0105c\u0105 cytrusowo-mi\u0119tow\u0105 nut\u0105<\/strong> i wyczuwalnym efektem ch\u0142odzenia.<\/p>\n<p><strong>Nie zawiera aluminium, syntetycznych substancji zapachowych ani tanich wype\u0142niaczy<\/strong>. Odpowiedni dla ka\u017cdego typu sk\u00f3ry, cho\u0107 przy bardzo wra\u017cliwej sk\u00f3rze, ze wzgl\u0119du na obecno\u015b\u0107 olejk\u00f3w eterycznych, polecamy \u0142agodniejsz\u0105 wersj\u0119 z czarnuszk\u0105.<\/p>\n<p id=\"bkmrk-za-skuteczno%C5%9B%C4%87-dezod\">Za skuteczno\u015b\u0107 dezodorantu odpowiada starannie dobrana kompozycja naturalnych sk\u0142adnik\u00f3w najwy\u017cszej jako\u015bci.<\/p>","protected":false},"featured_media":8897,"template":"","meta":{"ocean_post_layout":"","ocean_both_sidebars_style":"","ocean_both_sidebars_content_width":0,"ocean_both_sidebars_sidebars_width":0,"ocean_sidebar":"0","ocean_second_sidebar":"0","ocean_disable_margins":"enable","ocean_add_body_class":"","ocean_shortcode_before_top_bar":"","ocean_shortcode_after_top_bar":"","ocean_shortcode_before_header":"","ocean_shortcode_after_header":"","ocean_has_shortcode":"","ocean_shortcode_after_title":"","ocean_shortcode_before_footer_widgets":"","ocean_shortcode_after_footer_widgets":"","ocean_shortcode_before_footer_bottom":"","ocean_shortcode_after_footer_bottom":"","ocean_display_top_bar":"default","ocean_display_header":"default","ocean_header_style":"","ocean_center_header_left_menu":"0","ocean_custom_header_template":"0","ocean_custom_logo":0,"ocean_custom_retina_logo":0,"ocean_custom_logo_max_width":0,"ocean_custom_logo_tablet_max_width":0,"ocean_custom_logo_mobile_max_width":0,"ocean_custom_logo_max_height":0,"ocean_custom_logo_tablet_max_height":0,"ocean_custom_logo_mobile_max_height":0,"ocean_header_custom_menu":"0","ocean_menu_typo_font_family":"0","ocean_menu_typo_font_subset":"","ocean_menu_typo_font_size":0,"ocean_menu_typo_font_size_tablet":0,"ocean_menu_typo_font_size_mobile":0,"ocean_menu_typo_font_size_unit":"px","ocean_menu_typo_font_weight":"","ocean_menu_typo_font_weight_tablet":"","ocean_menu_typo_font_weight_mobile":"","ocean_menu_typo_transform":"","ocean_menu_typo_transform_tablet":"","ocean_menu_typo_transform_mobile":"","ocean_menu_typo_line_height":0,"ocean_menu_typo_line_height_tablet":0,"ocean_menu_typo_line_height_mobile":0,"ocean_menu_typo_line_height_unit":"","ocean_menu_typo_spacing":0,"ocean_menu_typo_spacing_tablet":0,"ocean_menu_typo_spacing_mobile":0,"ocean_menu_typo_spacing_unit":"","ocean_menu_link_color":"","ocean_menu_link_color_hover":"","ocean_menu_link_color_active":"","ocean_menu_link_background":"","ocean_menu_link_hover_background":"","ocean_menu_link_active_background":"","ocean_menu_social_links_bg":"","ocean_menu_social_hover_links_bg":"","ocean_menu_social_links_color":"","ocean_menu_social_hover_links_color":"","ocean_disable_title":"default","ocean_disable_heading":"default","ocean_post_title":"","ocean_post_subheading":"","ocean_post_title_style":"","ocean_post_title_background_color":"","ocean_post_title_background":0,"ocean_post_title_bg_image_position":"","ocean_post_title_bg_image_attachment":"","ocean_post_title_bg_image_repeat":"","ocean_post_title_bg_image_size":"","ocean_post_title_height":0,"ocean_post_title_bg_overlay":0.5,"ocean_post_title_bg_overlay_color":"","ocean_disable_breadcrumbs":"default","ocean_breadcrumbs_color":"","ocean_breadcrumbs_separator_color":"","ocean_breadcrumbs_links_color":"","ocean_breadcrumbs_links_hover_color":"","ocean_display_footer_widgets":"default","ocean_display_footer_bottom":"default","ocean_custom_footer_template":"0"},"product_brand":[],"product_cat":[94,39,68],"product_tag":[],"class_list":{"0":"post-8896","1":"product","2":"type-product","3":"status-publish","4":"has-post-thumbnail","6":"product_cat-beyond-functional-food","7":"product_cat-naturalne-dezodoranty","8":"product_cat-nowosci","10":"entry","11":"has-media","13":"first","14":"outofstock","15":"shipping-taxable","16":"purchasable","17":"product-type-simple","18":"has-product-nav","19":"col","20":"span_1_of_3","21":"owp-content-left","22":"owp-thumbs-layout-horizontal","23":"owp-btn-normal","24":"owp-tabs-layout-horizontal","25":"has-no-thumbnails"},"_links":{"self":[{"href":"https:\/\/ecocorner.eu\/en\/wp-json\/wp\/v2\/product\/8896","targetHints":{"allow":["GET"]}}],"collection":[{"href":"https:\/\/ecocorner.eu\/en\/wp-json\/wp\/v2\/product"}],"about":[{"href":"https:\/\/ecocorner.eu\/en\/wp-json\/wp\/v2\/types\/product"}],"version-history":[{"count":1,"href":"https:\/\/ecocorner.eu\/en\/wp-json\/wp\/v2\/product\/8896\/revisions"}],"predecessor-version":[{"id":8898,"href":"https:\/\/ecocorner.eu\/en\/wp-json\/wp\/v2\/product\/8896\/revisions\/8898"}],"wp:featuredmedia":[{"embeddable":true,"href":"https:\/\/ecocorner.eu\/en\/wp-json\/wp\/v2\/media\/8897"}],"wp:attachment":[{"href":"https:\/\/ecocorner.eu\/en\/wp-json\/wp\/v2\/media?parent=8896"}],"wp:term":[{"taxonomy":"product_brand","embeddable":true,"href":"https:\/\/ecocorner.eu\/en\/wp-json\/wp\/v2\/product_brand?post=8896"},{"taxonomy":"product_cat","embeddable":true,"href":"https:\/\/ecocorner.eu\/en\/wp-json\/wp\/v2\/product_cat?post=8896"},{"taxonomy":"product_tag","embeddable":true,"href":"https:\/\/ecocorner.eu\/en\/wp-json\/wp\/v2\/product_tag?post=8896"}],"curies":[{"name":"wp","href":"https:\/\/api.w.org\/{rel}","templated":true}]}}